{"id":366,"date":"2023-04-12T16:23:46","date_gmt":"2023-04-12T15:23:46","guid":{"rendered":"https:\/\/www.ifaplan-institut.de\/?page_id=366"},"modified":"2023-04-12T16:23:47","modified_gmt":"2023-04-12T15:23:47","slug":"ifaplan-seit-1976","status":"publish","type":"page","link":"https:\/\/www.ifaplan-institut.de\/","title":{"rendered":"IFAPLAN &#8211; seit 1976."},"content":{"rendered":"\n<p>Willkommen bei uns! Wir bieten professionelle Beratung und wissenschaftliche Expertise f\u00fcr verschiedene Bereiche. Unsere interdisziplin\u00e4ren Ans\u00e4tze basieren auf neuesten Forschungsergebnissen und Expertenwissen. Kontaktieren Sie uns gerne, um mehr dar\u00fcber zu erfahren, wie wir Ihnen helfen k\u00f6nnen.<\/p>\n","protected":false},"excerpt":{"rendered":"<p>Willkommen bei uns! Wir bieten professionelle Beratung und wissenschaftliche Expertise f\u00fcr verschiedene Bereiche. Unsere interdisziplin\u00e4ren Ans\u00e4tze basieren auf neuesten Forschungsergebnissen und Expertenwissen. Kontaktieren Sie uns gerne, um mehr dar\u00fcber zu erfahren, wie wir Ihnen helfen k\u00f6nnen.<\/p>\n","protected":false},"author":1,"featured_media":0,"parent":0,"menu_order":0,"comment_status":"closed","ping_status":"closed","template":"","meta":{"footnotes":""},"class_list":["post-366","page","type-page","status-publish","hentry"],"_links":{"self":[{"href":"https:\/\/www.ifaplan-institut.de\/index.php?rest_route=\/wp\/v2\/pages\/366","targetHints":{"allow":["GET"]}}],"collection":[{"href":"https:\/\/www.ifaplan-institut.de\/index.php?rest_route=\/wp\/v2\/pages"}],"about":[{"href":"https:\/\/www.ifaplan-institut.de\/index.php?rest_route=\/wp\/v2\/types\/page"}],"author":[{"embeddable":true,"href":"https:\/\/www.ifaplan-institut.de\/index.php?rest_route=\/wp\/v2\/users\/1"}],"replies":[{"embeddable":true,"href":"https:\/\/www.ifaplan-institut.de\/index.php?rest_route=%2Fwp%2Fv2%2Fcomments&post=366"}],"version-history":[{"count":1,"href":"https:\/\/www.ifaplan-institut.de\/index.php?rest_route=\/wp\/v2\/pages\/366\/revisions"}],"predecessor-version":[{"id":367,"href":"https:\/\/www.ifaplan-institut.de\/index.php?rest_route=\/wp\/v2\/pages\/366\/revisions\/367"}],"wp:attachment":[{"href":"https:\/\/www.ifaplan-institut.de\/index.php?rest_route=%2Fwp%2Fv2%2Fmedia&parent=366"}],"curies":[{"name":"wp","href":"https:\/\/api.w.org\/{rel}","templated":true}]}}